{"id":485,"date":"2019-09-17T09:55:09","date_gmt":"2019-09-17T06:55:09","guid":{"rendered":"https:\/\/www.nkdental.gr\/home\/"},"modified":"2022-01-18T17:55:26","modified_gmt":"2022-01-18T15:55:26","slug":"home","status":"publish","type":"page","link":"https:\/\/www.nkdental.gr\/de\/","title":{"rendered":"Home"},"content":{"rendered":"","protected":false},"excerpt":{"rendered":"","protected":false},"author":4,"featured_media":0,"parent":0,"menu_order":0,"comment_status":"closed","ping_status":"closed","template":"","meta":[],"yoast_head":"<!-- This site is optimized with the Yoast SEO plugin v17.9 - https:\/\/yoast.com\/wordpress\/plugins\/seo\/ -->\n<title>Zahn\u00e4rztin in Kalamaria \u2013 NK Dental<\/title>\n<meta name=\"description\" content=\"Die Zahn\u00e4rztin Dr. Katia Sarafidou hei\u00dft Sie herzlich wilkommen in der Zahnklinik NK Dental in Kalamaria, Thessaloniki. Zahnmedizin f\u00fcr Erwachsene und Kinderzahnheilkunde.\" \/>\n<meta name=\"robots\" content=\"index, follow, max-snippet:-1, max-image-preview:large, max-video-preview:-1\" \/>\n<link rel=\"canonical\" href=\"https:\/\/www.nkdental.gr\/de\/\" \/>\n<meta property=\"og:locale\" content=\"de_DE\" \/>\n<meta property=\"og:type\" content=\"article\" \/>\n<meta property=\"og:title\" content=\"Zahn\u00e4rztin in Kalamaria \u2013 NK Dental\" \/>\n<meta property=\"og:description\" content=\"Die Zahn\u00e4rztin Dr. Katia Sarafidou hei\u00dft Sie herzlich wilkommen in der Zahnklinik NK Dental in Kalamaria, Thessaloniki. Zahnmedizin f\u00fcr Erwachsene und Kinderzahnheilkunde.\" \/>\n<meta property=\"og:url\" content=\"https:\/\/www.nkdental.gr\/de\/\" \/>\n<meta property=\"og:site_name\" content=\"\u03a3\u03b1\u03c1\u03b1\u03c6\u03af\u03b4\u03bf\u03c5 \u039a\u03ac\u03c4\u03b9\u03b1\" \/>\n<meta property=\"article:modified_time\" content=\"2022-01-18T15:55:26+00:00\" \/>\n<meta name=\"twitter:card\" content=\"summary_large_image\" \/>\n<script type=\"application\/ld+json\" class=\"yoast-schema-graph\">{\"@context\":\"https:\/\/schema.org\",\"@graph\":[{\"@type\":\"WebSite\",\"@id\":\"https:\/\/www.nkdental.gr\/#website\",\"url\":\"https:\/\/www.nkdental.gr\/\",\"name\":\"\\u03a3\\u03b1\\u03c1\\u03b1\\u03c6\\u03af\\u03b4\\u03bf\\u03c5 \\u039a\\u03ac\\u03c4\\u03b9\\u03b1\",\"description\":\"\",\"potentialAction\":[{\"@type\":\"SearchAction\",\"target\":{\"@type\":\"EntryPoint\",\"urlTemplate\":\"https:\/\/www.nkdental.gr\/?s={search_term_string}\"},\"query-input\":\"required name=search_term_string\"}],\"inLanguage\":\"de-DE\"},{\"@type\":\"WebPage\",\"@id\":\"https:\/\/www.nkdental.gr\/de\/#webpage\",\"url\":\"https:\/\/www.nkdental.gr\/de\/\",\"name\":\"Zahn\\u00e4rztin in Kalamaria \\u2013 NK Dental\",\"isPartOf\":{\"@id\":\"https:\/\/www.nkdental.gr\/#website\"},\"datePublished\":\"2019-09-17T06:55:09+00:00\",\"dateModified\":\"2022-01-18T15:55:26+00:00\",\"description\":\"Die Zahn\\u00e4rztin Dr. Katia Sarafidou hei\\u00dft Sie herzlich wilkommen in der Zahnklinik NK Dental in Kalamaria, Thessaloniki. Zahnmedizin f\\u00fcr Erwachsene und Kinderzahnheilkunde.\",\"breadcrumb\":{\"@id\":\"https:\/\/www.nkdental.gr\/de\/#breadcrumb\"},\"inLanguage\":\"de-DE\",\"potentialAction\":[{\"@type\":\"ReadAction\",\"target\":[\"https:\/\/www.nkdental.gr\/de\/\"]}]},{\"@type\":\"BreadcrumbList\",\"@id\":\"https:\/\/www.nkdental.gr\/de\/#breadcrumb\",\"itemListElement\":[{\"@type\":\"ListItem\",\"position\":1,\"name\":\"\\u0391\\u03c1\\u03c7\\u03b9\\u03ba\\u03ae\",\"item\":\"https:\/\/www.nkdental.gr\/de\/\"},{\"@type\":\"ListItem\",\"position\":2,\"name\":\"Home\"}]}]}<\/script>\n<!-- \/ Yoast SEO plugin. -->","yoast_head_json":{"title":"Zahn\u00e4rztin in Kalamaria \u2013 NK Dental","description":"Die Zahn\u00e4rztin Dr. Katia Sarafidou hei\u00dft Sie herzlich wilkommen in der Zahnklinik NK Dental in Kalamaria, Thessaloniki. Zahnmedizin f\u00fcr Erwachsene und Kinderzahnheilkunde.","robots":{"index":"index","follow":"follow","max-snippet":"max-snippet:-1","max-image-preview":"max-image-preview:large","max-video-preview":"max-video-preview:-1"},"canonical":"https:\/\/www.nkdental.gr\/de\/","og_locale":"de_DE","og_type":"article","og_title":"Zahn\u00e4rztin in Kalamaria \u2013 NK Dental","og_description":"Die Zahn\u00e4rztin Dr. Katia Sarafidou hei\u00dft Sie herzlich wilkommen in der Zahnklinik NK Dental in Kalamaria, Thessaloniki. Zahnmedizin f\u00fcr Erwachsene und Kinderzahnheilkunde.","og_url":"https:\/\/www.nkdental.gr\/de\/","og_site_name":"\u03a3\u03b1\u03c1\u03b1\u03c6\u03af\u03b4\u03bf\u03c5 \u039a\u03ac\u03c4\u03b9\u03b1","article_modified_time":"2022-01-18T15:55:26+00:00","twitter_card":"summary_large_image","schema":{"@context":"https:\/\/schema.org","@graph":[{"@type":"WebSite","@id":"https:\/\/www.nkdental.gr\/#website","url":"https:\/\/www.nkdental.gr\/","name":"\u03a3\u03b1\u03c1\u03b1\u03c6\u03af\u03b4\u03bf\u03c5 \u039a\u03ac\u03c4\u03b9\u03b1","description":"","potentialAction":[{"@type":"SearchAction","target":{"@type":"EntryPoint","urlTemplate":"https:\/\/www.nkdental.gr\/?s={search_term_string}"},"query-input":"required name=search_term_string"}],"inLanguage":"de-DE"},{"@type":"WebPage","@id":"https:\/\/www.nkdental.gr\/de\/#webpage","url":"https:\/\/www.nkdental.gr\/de\/","name":"Zahn\u00e4rztin in Kalamaria \u2013 NK Dental","isPartOf":{"@id":"https:\/\/www.nkdental.gr\/#website"},"datePublished":"2019-09-17T06:55:09+00:00","dateModified":"2022-01-18T15:55:26+00:00","description":"Die Zahn\u00e4rztin Dr. Katia Sarafidou hei\u00dft Sie herzlich wilkommen in der Zahnklinik NK Dental in Kalamaria, Thessaloniki. Zahnmedizin f\u00fcr Erwachsene und Kinderzahnheilkunde.","breadcrumb":{"@id":"https:\/\/www.nkdental.gr\/de\/#breadcrumb"},"inLanguage":"de-DE","potentialAction":[{"@type":"ReadAction","target":["https:\/\/www.nkdental.gr\/de\/"]}]},{"@type":"BreadcrumbList","@id":"https:\/\/www.nkdental.gr\/de\/#breadcrumb","itemListElement":[{"@type":"ListItem","position":1,"name":"\u0391\u03c1\u03c7\u03b9\u03ba\u03ae","item":"https:\/\/www.nkdental.gr\/de\/"},{"@type":"ListItem","position":2,"name":"Home"}]}]}},"_links":{"self":[{"href":"https:\/\/www.nkdental.gr\/de\/wp-json\/wp\/v2\/pages\/485"}],"collection":[{"href":"https:\/\/www.nkdental.gr\/de\/wp-json\/wp\/v2\/pages"}],"about":[{"href":"https:\/\/www.nkdental.gr\/de\/wp-json\/wp\/v2\/types\/page"}],"author":[{"embeddable":true,"href":"https:\/\/www.nkdental.gr\/de\/wp-json\/wp\/v2\/users\/4"}],"replies":[{"embeddable":true,"href":"https:\/\/www.nkdental.gr\/de\/wp-json\/wp\/v2\/comments?post=485"}],"version-history":[{"count":0,"href":"https:\/\/www.nkdental.gr\/de\/wp-json\/wp\/v2\/pages\/485\/revisions"}],"wp:attachment":[{"href":"https:\/\/www.nkdental.gr\/de\/wp-json\/wp\/v2\/media?parent=485"}],"curies":[{"name":"wp","href":"https:\/\/api.w.org\/{rel}","templated":true}]}}